{"id":4070,"date":"2021-12-29T12:42:35","date_gmt":"2021-12-29T12:42:35","guid":{"rendered":"http:\/\/dipan.razvija.se\/?page_id=4070"},"modified":"2022-05-13T10:46:43","modified_gmt":"2022-05-13T10:46:43","slug":"about-us","status":"publish","type":"page","link":"https:\/\/dipan.si\/en\/about-us\/","title":{"rendered":"ABOUT US"},"content":{"rendered":"<p><section data-kc-equalheight=\"true\" data-kc-equalheight-align=\"middle\" id=\"stretched\" class=\"kc-elm kc-css-161883 kc_row align-items-center\"><div class=\" container-fluid\"><div class=\"row\"><div class=\"kc-elm kc-css-116260 col-12 col-sm-6 column col-12 col-md-5 pb-3 pb-md-0\"><div class=\"kc-col-container\"><div class=\"kc-elm kc-css-486053 kc_shortcode kc_single_image text-right pr-0 pr-md-5 mx-auto\">\n\n        <img src=\"https:\/\/dipan.si\/wp-content\/uploads\/2021\/12\/Group-1182.png\" class=\"\" alt=\"\" \/>    <\/div>\n<\/div><\/div><div class=\"kc-elm kc-css-603810 col-12 col-sm-6 column col-12 col-md-7\"><div class=\"about-300 kc-col-container\"><div class=\"kc-elm kc-css-865090 kc_text_block\"><\/p>\n<p>Podjetje je bilo ustanovljeno leta 1999 s ciljem razvoja izdelkov in podpore naro\u010dnikom pri uvajanju v proizvodnjo. Uporabili smo znanja in izku\u0161nje, pridobljene z dolgoletnim delom na podro\u010dju projektiranja in konstrukcije izdelkov in poznavanja tehnolo\u0161kih procesov.<\/p>\n<p>Prvi projekt &#8211; modelna lokomotiva s 600 sestavnimi deli, ki smo ga realizirali za svetovno znanega kupca, je dosegel izjemen uspeh: naziv lokomotiva leta na zahtevnem ameri\u0161kem tr\u017ei\u0161\u010du. Ta projekt nam je kot mlademu in do tedaj neznanemu podjetju odprl vrata do najbolj znanih izdelovalcev modelnih lokomotiv in vagonov.<\/p>\n<p>V naslednjih letih smo raz\u0161irili dejavnost podjetja na projektiranje delov in sklopov za gospodinjske aparatov in pisarni\u0161ke opreme.<\/p>\n<p>Od leta 2007 sodelujemo s priznanim proizvajalcem svetil in smo v teh letih razvili in konstruirali vrsto razli\u010dnih proizvodov iz tega podro\u010dja.<\/p>\n<p>Imamo dolgoletne izku\u0161nje s proizvajalci na kitajskem trgu, kjer vr\u0161imo nadzor in svetujemo na\u0161im naro\u010dnikom.<\/p>\n<p>\n<\/div><\/div><\/div><\/div><\/div><\/section><section data-kc-equalheight=\"true\" data-kc-equalheight-align=\"middle\" id=\"stretched\" class=\"kc-elm kc-css-286917 kc_row align-items-center\"><div class=\" container-fluid\"><div class=\"row\"><div class=\"kc-elm kc-css-260167 col-12 col-sm-6 column col-12 col-md-5 pb-3 pb-md-0\"><div class=\"kc-col-container\"><div class=\"kc-elm kc-css-135861 kc_shortcode kc_single_image text-right pr-0 pr-md-5 mx-auto top-left-white-dot\">\n\n        <img src=\"https:\/\/dipan.si\/wp-content\/uploads\/2022\/03\/dipan_0113-scaled-478x478xc.jpg\" class=\"\" alt=\"\" \/>    <\/div>\n<\/div><\/div><div class=\"kc-elm kc-css-138285 col-12 col-sm-6 column col-12 col-md-7\"><div class=\"about-300 kc-col-container\"><div class=\"kc-elm kc-css-998837 kc_text_block\"><\/p>\n<p>Podjetje je bilo ustanovljeno leta 1999 s ciljem razvoja izdelkov in podpore naro\u010dnikom pri uvajanju v proizvodnjo. Uporabili smo znanja in izku\u0161nje, pridobljene z dolgoletnim delom na podro\u010dju projektiranja in konstrukcije izdelkov in poznavanja tehnolo\u0161kih procesov.<\/p>\n<p>Prvi projekt &#8211; modelna lokomotiva s 600 sestavnimi deli, ki smo ga realizirali za svetovno znanega kupca, je dosegel izjemen uspeh: naziv lokomotiva leta na zahtevnem ameri\u0161kem tr\u017ei\u0161\u010du. Ta projekt nam je kot mlademu in do tedaj neznanemu podjetju odprl vrata do najbolj znanih izdelovalcev modelnih lokomotiv in vagonov.<\/p>\n<p>V naslednjih letih smo raz\u0161irili dejavnost podjetja na projektiranje delov in sklopov za gospodinjske aparatov in pisarni\u0161ke opreme.<\/p>\n<p>Od leta 2007 sodelujemo s priznanim proizvajalcem svetil in smo v teh letih razvili in konstruirali vrsto razli\u010dnih proizvodov iz tega podro\u010dja.<\/p>\n<p>Imamo dolgoletne izku\u0161nje s proizvajalci na kitajskem trgu, kjer vr\u0161imo nadzor in svetujemo na\u0161im naro\u010dnikom.<\/p>\n<p>\n<\/div><\/div><\/div><\/div><\/div><\/section><section class=\"kc-elm kc-css-99324 kc_row\"><div class=\" container\"><div class=\"row\"><div class=\"kc-elm kc-css-178738 col-12 col-sm-6 column col-12 col-md-8 position-relative text-map\"><div class=\"kc-col-container\"><div class=\"kc-elm kc-css-691187 kc_text_block\"><\/p>\n<h2>Who are we?<\/h2>\n<p>The company was founded in 1999 with the aim of developing products and supporting customers at the beginning of the production process. We used the knowledge and experience gained through many years of work in product design, construction and knowledge of technological processes.&nbsp;<\/p>\n<p>Our first project &#8211; a model locomotive with 600 components, which we realized for a world-famous customer, was a great success: the title of Locomotive of the year in the demanding American market.&nbsp;As a young and unknown company, this project opened the door to the most well-known manufacturers of model locomotives and wagons.<\/p>\n<p>In the following years, we expanded the company&#8217;s activities in designing parts and assemblies for household appliances and office equipment.<\/p>\n<p>Since 2007 we have been cooperating with a renowned lighting manufacturer and we have developed and constructed a number of different products in this field over the years.<\/p>\n<p>We have many years of experience with manufacturers in the Chinese market, where we monitor and advise our customers.<\/p>\n<\/p>\n<p>\n<\/div><\/div><\/div><div class=\"kc-elm kc-css-446050 col-12 col-sm-6 column col-12 col-md-4\"><div class=\"kc-col-container\"><\/div><\/div><\/div><\/div><\/section><section class=\"kc-elm kc-css-505951 kc_row\"><div class=\" container\"><div class=\"row\"><div id=\"contact-left\" class=\"kc-elm kc-css-295533 col-12 col-sm-6 column col-11 col-md-7 order-2 order-md-1\"><div class=\"kc-col-container\"><div class=\"kc-elm kc-css-997471 kc_text_block\"><\/p>\n<p><span style=\"font-size: 24px;\"><strong>Contact<\/strong><\/span><\/p>\n<p>Company name: <strong>D.I.P.A.N., d.o.o.<br \/><\/strong>Address: <strong>Polje 9 E, 6310 Izola &#8211; SI<br \/><\/strong>E-mail:<strong> info@dipan.si<br \/><\/strong>Phone: <strong>+386 5 640 19 60<\/strong><br \/>Mobile: <strong>+386 41 713 746<\/strong><\/p>\n<p>\n<\/div><div class=\"kc-elm kc-css-237071 kc_text_block\"><\/p>\n<p><a class=\"text-info font-weight-bold\" href=\"https:\/\/goo.gl\/maps\/za7qCLcKYJx6RjPE9\" target=\"_blank\" rel=\"noopener\"><strong>SHOW LOCATION ON MAP<\/strong><\/a><\/p>\n<p>\n<\/div><\/div><\/div><div id=\"map\" class=\"kc-elm kc-css-450537 col-12 col-sm-6 column col-12 col-md-5 order-1 order-md-2 p-0\"><div class=\"kc-col-container\"><div class=\"kc-elm kc-css-648667 kc_shortcode kc_single_image\">\n\n        <img src=\"https:\/\/dipan.si\/wp-content\/uploads\/2021\/12\/map.png\" class=\"\" alt=\"\" \/>    <\/div>\n<\/div><\/div><\/div><\/div><\/section><section class=\"kc-elm kc-css-905660 kc_row\"><div class=\" container\"><div class=\"row\"><div class=\"kc-elm kc-css-151394 col-12 col-sm-6 column col-12 col-md-8 order-2 order-md-1\"><div class=\"kc-col-container\">\n<div class=\"kc-elm kc-css-716782 kc-title-wrap \">\n\n\t<h3 class=\"kc_title\">Mission and vision<\/h3>\n<\/div>\n<div class=\"kc-elm kc-css-376598 kc_text_block\"><\/p>\n<p>We build our business success on meeting customer needs. Our goal is to acquire and retain a customer with a quality service that includes a quality product or service within the agreed time and for the agreed price &#8211; a service tailored to the customer.<\/p>\n<p>\n<\/div><\/div><\/div><div class=\"kc-elm kc-css-999086 col-12 col-sm-6 column col-12 col-md-4 order-1 order-md-2 pb-3 pb-md-0\"><div class=\"kc-col-container\"><div class=\"kc-elm kc-css-896110 kc_shortcode kc_single_image vizija-side-img\">\n\n        <img src=\"https:\/\/dipan.si\/wp-content\/uploads\/2022\/04\/DSC_0034-314x314xc.jpg\" class=\"\" alt=\"\" \/>    <\/div>\n<\/div><\/div><\/div><\/div><\/section><section class=\"kc-elm kc-css-657145 kc_row\"><div class=\" container\"><div class=\"row\"><div class=\"kc-elm kc-css-234102 col-12 col-sm-6 column col-12 col-md-8\"><div class=\" gray-inner kc-col-container\"><div class=\"kc-elm kc-css-165053 kc_text_block\"><\/p>\n<p>We strive to become part of the customer&#039;s business and development technology process and, by tracking its development and technology, contribute to shortening the development cycle and reducing production costs.<\/p>\n<p>\n<\/div><\/div><\/div><div class=\"kc-elm kc-css-675538 col-12 col-sm-6 column col-12 col-md-4\"><div class=\"kc-col-container\"><\/div><\/div><\/div><\/div><\/section><section class=\"kc-elm kc-css-480047 kc_row\"><div class=\" container\"><div class=\"row\"><div class=\"kc-elm kc-css-734724 col-12 col-sm-6 column col-12 col-md-8\"><div class=\"kc-col-container\"><div class=\"kc-elm kc-css-968035 kc_text_block\"><\/p>\n<p>To achieve our set goals we need educated and highly motivated employees. Therefore, we try to ensure optimal working conditions and personal development of each individual. Continuing education is an important part of our business process.<\/p>\n<p><strong>Our values<\/strong><\/p>\n<ul>\n<li>Innovation<\/li>\n<li>Quality<\/li>\n<li>Partnership<\/li>\n<li>Flexibility<\/li>\n<li>Commitment<\/li>\n<\/ul>\n<p>\n<\/div><\/div><\/div><div class=\"kc-elm kc-css-172322 col-12 col-sm-6 column col-12 col-md-4\"><div class=\"kc-col-container\"><\/div><\/div><\/div><\/div><\/section><\/p>\n","protected":false},"excerpt":{"rendered":"<p>We want to become part of the customer&#8217;s business, development and technological process<\/p>\n","protected":false},"author":9,"featured_media":4748,"parent":0,"menu_order":0,"comment_status":"closed","ping_status":"closed","template":"page-templates\/fullwidthpage.php","meta":{"inline_featured_image":false},"acf":[],"_links":{"self":[{"href":"https:\/\/dipan.si\/en\/wp-json\/wp\/v2\/pages\/4070"}],"collection":[{"href":"https:\/\/dipan.si\/en\/wp-json\/wp\/v2\/pages"}],"about":[{"href":"https:\/\/dipan.si\/en\/wp-json\/wp\/v2\/types\/page"}],"author":[{"embeddable":true,"href":"https:\/\/dipan.si\/en\/wp-json\/wp\/v2\/users\/9"}],"replies":[{"embeddable":true,"href":"https:\/\/dipan.si\/en\/wp-json\/wp\/v2\/comments?post=4070"}],"version-history":[{"count":11,"href":"https:\/\/dipan.si\/en\/wp-json\/wp\/v2\/pages\/4070\/revisions"}],"predecessor-version":[{"id":5125,"href":"https:\/\/dipan.si\/en\/wp-json\/wp\/v2\/pages\/4070\/revisions\/5125"}],"wp:featuredmedia":[{"embeddable":true,"href":"https:\/\/dipan.si\/en\/wp-json\/wp\/v2\/media\/4748"}],"wp:attachment":[{"href":"https:\/\/dipan.si\/en\/wp-json\/wp\/v2\/media?parent=4070"}],"curies":[{"name":"wp","href":"https:\/\/api.w.org\/{rel}","templated":true}]}}